{"id":16234,"date":"2017-08-31T07:10:30","date_gmt":"2017-08-31T07:10:30","guid":{"rendered":"http:\/\/olza.animsa.net\/enplegua\/"},"modified":"2017-08-31T07:10:30","modified_gmt":"2017-08-31T07:10:30","slug":"enplegua","status":"publish","type":"page","link":"https:\/\/www.ayuntamientoolza.com\/eu\/zerbitzuak\/enplegua\/","title":{"rendered":"Enplegua"},"content":{"rendered":"<p><strong>Finantzatutako proiektua:<\/strong><\/p>\n<ul>\n<li><a href=\"http:\/\/www.ayuntamientoolza.com\/wp-content\/uploads\/2019\/09\/Cartel-publicidad-Gobierno-Navarra-subvencion-proyecto-senalizacion-vial-mobiliario-urbano-y-jardineria.pdf\" class=\"mtli_attachment mtli_pdf\" target=\"_blank\" rel=\"noopener\">Errepide seinalea, kale altzariak, eta lorezaintza Oltza Zendean.<\/a><\/li>\n<\/ul>\n<hr \/>\n<p>Desde el Recurso de Empleo del Ayuntamiento de la Cendea de Olza les comunicamos que el Ayuntamiento, junto con Fundaci\u00f3n Gaztelan, han valorado finalizar el servicio que se ven\u00eda ofreciendo en materia de empleo a partir del pr\u00f3ximo 1 de Octubre de 2018.<\/p>\n<p>Este Ayuntamiento siempre ha estado muy comprometido con la mejora de la empleabilidad de las personas, la reducci\u00f3n del desempleo y el desarrollo de la actividad econ\u00f3mica en el municipio, pero en este momento y por cuestiones ajenas, ha decidido paralizar el servicio con la posibilidad de retomarlo m\u00e1s adelante si se vuelve a detectar la necesidad del mismo.<\/p>\n<p>El principal motivo que nos ha llevado a tomar esta decisi\u00f3n tiene que ver con los cambios que desde el a\u00f1o pasado viene realizando el Servicio Navarro de Empleo. \u00c9ste est\u00e1 mejorado notablemente las condiciones del servicio de orientaci\u00f3n individualizada y se est\u00e1 ampliando en gran medida la oferta formativa dirigida tanto a personas desempleadas como ocupadas.<\/p>\n<p>El Servicio Navarro de Empleo adem\u00e1s de ofrecer todos los servicios que se llevan a cabo desde el Recurso de Empleo del Ayuntamiento, ha aumentado los recursos\u00a0 est\u00e1 introduciendo mejoras con el objetivo de reducir el desempleo. Por ello, se ha considerado oportuno no duplicar los servicios y paralizar en este momento el Recurso de Empleo de la Cendea de Olza, con la posibilidad de retomarlo si se detecta la necesidad y siempre que las personas empadronadas hagan uso del mismo y les sea \u00fatil.<\/p>\n<p>Como hasta ahora, las personas empadronadas en la Cendea de Olza seguir\u00e1n siendo atendidas en la Agencia de empleo del Ensanche, sita en Calle Paulino Caballero 50 de Pamplona y en el tel\u00e9fono 848425272.<\/p>\n<p>&nbsp;<\/p>\n","protected":false},"excerpt":{"rendered":"<p>Finantzatutako proiektua: Errepide seinalea, kale altzariak, eta lorezaintza Oltza Zendean. Desde el Recurso de Empleo del Ayuntamiento de la Cendea de Olza les comunicamos que el Ayuntamiento, junto con Fundaci\u00f3n Gaztelan, han valorado finalizar el servicio que se ven\u00eda ofreciendo en materia de empleo a partir del pr\u00f3ximo 1 de Octubre de 2018. Este Ayuntamiento [&hellip;]<\/p>\n","protected":false},"author":10584,"featured_media":0,"parent":16062,"menu_order":2,"comment_status":"closed","ping_status":"closed","template":"","meta":{"_exactmetrics_skip_tracking":false,"_exactmetrics_sitenote_active":false,"_exactmetrics_sitenote_note":"","_exactmetrics_sitenote_category":0,"footnotes":""},"class_list":["post-16234","page","type-page","status-publish","hentry"],"yoast_head":"<!-- This site is optimized with the Yoast SEO plugin v25.1 - https:\/\/yoast.com\/wordpress\/plugins\/seo\/ -->\r\n<title>Enplegua - Ayuntamiento Cendea de Olza \/ Oltza Zendeako Udala<\/title>\r\n<meta name=\"robots\" content=\"index, follow, max-snippet:-1, max-image-preview:large, max-video-preview:-1\" \/>\r\n<link rel=\"canonical\" href=\"https:\/\/www.ayuntamientoolza.com\/eu\/zerbitzuak\/enplegua\/\" \/>\r\n<meta property=\"og:locale\" content=\"eu_ES\" \/>\r\n<meta property=\"og:type\" content=\"article\" \/>\r\n<meta property=\"og:title\" content=\"Enplegua - Ayuntamiento Cendea de Olza \/ Oltza Zendeako Udala\" \/>\r\n<meta property=\"og:description\" content=\"Finantzatutako proiektua: Errepide seinalea, kale altzariak, eta lorezaintza Oltza Zendean. Desde el Recurso de Empleo del Ayuntamiento de la Cendea de Olza les comunicamos que el Ayuntamiento, junto con Fundaci\u00f3n Gaztelan, han valorado finalizar el servicio que se ven\u00eda ofreciendo en materia de empleo a partir del pr\u00f3ximo 1 de Octubre de 2018. Este Ayuntamiento [&hellip;]\" \/>\r\n<meta property=\"og:url\" content=\"https:\/\/www.ayuntamientoolza.com\/eu\/zerbitzuak\/enplegua\/\" \/>\r\n<meta property=\"og:site_name\" content=\"Ayuntamiento Cendea de Olza \/ Oltza Zendeako Udala\" \/>\r\n<meta name=\"twitter:card\" content=\"summary_large_image\" \/>\r\n<meta name=\"twitter:label1\" content=\"Est. reading time\" \/>\n\t<meta name=\"twitter:data1\" content=\"1 minute\" \/>\r\n<script type=\"application\/ld+json\" class=\"yoast-schema-graph\">{\"@context\":\"https:\/\/schema.org\",\"@graph\":[{\"@type\":\"WebPage\",\"@id\":\"https:\/\/www.ayuntamientoolza.com\/eu\/zerbitzuak\/enplegua\/\",\"url\":\"https:\/\/www.ayuntamientoolza.com\/eu\/zerbitzuak\/enplegua\/\",\"name\":\"Enplegua - Ayuntamiento Cendea de Olza \/ Oltza Zendeako Udala\",\"isPartOf\":{\"@id\":\"https:\/\/www.ayuntamientoolza.com\/eu\/#website\"},\"datePublished\":\"2017-08-31T07:10:30+00:00\",\"breadcrumb\":{\"@id\":\"https:\/\/www.ayuntamientoolza.com\/eu\/zerbitzuak\/enplegua\/#breadcrumb\"},\"inLanguage\":\"eu-ES\",\"potentialAction\":[{\"@type\":\"ReadAction\",\"target\":[\"https:\/\/www.ayuntamientoolza.com\/eu\/zerbitzuak\/enplegua\/\"]}]},{\"@type\":\"BreadcrumbList\",\"@id\":\"https:\/\/www.ayuntamientoolza.com\/eu\/zerbitzuak\/enplegua\/#breadcrumb\",\"itemListElement\":[{\"@type\":\"ListItem\",\"position\":1,\"name\":\"Portada\",\"item\":\"https:\/\/www.ayuntamientoolza.com\/eu\/\"},{\"@type\":\"ListItem\",\"position\":2,\"name\":\"Zerbitzuak\",\"item\":\"https:\/\/www.ayuntamientoolza.com\/eu\/zerbitzuak\/\"},{\"@type\":\"ListItem\",\"position\":3,\"name\":\"Enplegua\"}]},{\"@type\":\"WebSite\",\"@id\":\"https:\/\/www.ayuntamientoolza.com\/eu\/#website\",\"url\":\"https:\/\/www.ayuntamientoolza.com\/eu\/\",\"name\":\"Ayuntamiento Cendea de Olza \/ Oltza Zendeako Udala\",\"description\":\"Sitio web del Ayuntamiento de Ayuntamiento Cendea de Olza \/ Oltza Zendeako Udala\",\"potentialAction\":[{\"@type\":\"SearchAction\",\"target\":{\"@type\":\"EntryPoint\",\"urlTemplate\":\"https:\/\/www.ayuntamientoolza.com\/eu\/?s={search_term_string}\"},\"query-input\":{\"@type\":\"PropertyValueSpecification\",\"valueRequired\":true,\"valueName\":\"search_term_string\"}}],\"inLanguage\":\"eu-ES\"}]}<\/script>\r\n<!-- \/ Yoast SEO plugin. -->","yoast_head_json":{"title":"Enplegua - Ayuntamiento Cendea de Olza \/ Oltza Zendeako Udala","robots":{"index":"index","follow":"follow","max-snippet":"max-snippet:-1","max-image-preview":"max-image-preview:large","max-video-preview":"max-video-preview:-1"},"canonical":"https:\/\/www.ayuntamientoolza.com\/eu\/zerbitzuak\/enplegua\/","og_locale":"eu_ES","og_type":"article","og_title":"Enplegua - Ayuntamiento Cendea de Olza \/ Oltza Zendeako Udala","og_description":"Finantzatutako proiektua: Errepide seinalea, kale altzariak, eta lorezaintza Oltza Zendean. Desde el Recurso de Empleo del Ayuntamiento de la Cendea de Olza les comunicamos que el Ayuntamiento, junto con Fundaci\u00f3n Gaztelan, han valorado finalizar el servicio que se ven\u00eda ofreciendo en materia de empleo a partir del pr\u00f3ximo 1 de Octubre de 2018. Este Ayuntamiento [&hellip;]","og_url":"https:\/\/www.ayuntamientoolza.com\/eu\/zerbitzuak\/enplegua\/","og_site_name":"Ayuntamiento Cendea de Olza \/ Oltza Zendeako Udala","twitter_card":"summary_large_image","twitter_misc":{"Est. reading time":"1 minute"},"schema":{"@context":"https:\/\/schema.org","@graph":[{"@type":"WebPage","@id":"https:\/\/www.ayuntamientoolza.com\/eu\/zerbitzuak\/enplegua\/","url":"https:\/\/www.ayuntamientoolza.com\/eu\/zerbitzuak\/enplegua\/","name":"Enplegua - Ayuntamiento Cendea de Olza \/ Oltza Zendeako Udala","isPartOf":{"@id":"https:\/\/www.ayuntamientoolza.com\/eu\/#website"},"datePublished":"2017-08-31T07:10:30+00:00","breadcrumb":{"@id":"https:\/\/www.ayuntamientoolza.com\/eu\/zerbitzuak\/enplegua\/#breadcrumb"},"inLanguage":"eu-ES","potentialAction":[{"@type":"ReadAction","target":["https:\/\/www.ayuntamientoolza.com\/eu\/zerbitzuak\/enplegua\/"]}]},{"@type":"BreadcrumbList","@id":"https:\/\/www.ayuntamientoolza.com\/eu\/zerbitzuak\/enplegua\/#breadcrumb","itemListElement":[{"@type":"ListItem","position":1,"name":"Portada","item":"https:\/\/www.ayuntamientoolza.com\/eu\/"},{"@type":"ListItem","position":2,"name":"Zerbitzuak","item":"https:\/\/www.ayuntamientoolza.com\/eu\/zerbitzuak\/"},{"@type":"ListItem","position":3,"name":"Enplegua"}]},{"@type":"WebSite","@id":"https:\/\/www.ayuntamientoolza.com\/eu\/#website","url":"https:\/\/www.ayuntamientoolza.com\/eu\/","name":"Ayuntamiento Cendea de Olza \/ Oltza Zendeako Udala","description":"Sitio web del Ayuntamiento de Ayuntamiento Cendea de Olza \/ Oltza Zendeako Udala","potentialAction":[{"@type":"SearchAction","target":{"@type":"EntryPoint","urlTemplate":"https:\/\/www.ayuntamientoolza.com\/eu\/?s={search_term_string}"},"query-input":{"@type":"PropertyValueSpecification","valueRequired":true,"valueName":"search_term_string"}}],"inLanguage":"eu-ES"}]}},"_links":{"self":[{"href":"https:\/\/www.ayuntamientoolza.com\/eu\/wp-json\/wp\/v2\/pages\/16234","targetHints":{"allow":["GET"]}}],"collection":[{"href":"https:\/\/www.ayuntamientoolza.com\/eu\/wp-json\/wp\/v2\/pages"}],"about":[{"href":"https:\/\/www.ayuntamientoolza.com\/eu\/wp-json\/wp\/v2\/types\/page"}],"author":[{"embeddable":true,"href":"https:\/\/www.ayuntamientoolza.com\/eu\/wp-json\/wp\/v2\/users\/10584"}],"replies":[{"embeddable":true,"href":"https:\/\/www.ayuntamientoolza.com\/eu\/wp-json\/wp\/v2\/comments?post=16234"}],"version-history":[{"count":0,"href":"https:\/\/www.ayuntamientoolza.com\/eu\/wp-json\/wp\/v2\/pages\/16234\/revisions"}],"up":[{"embeddable":true,"href":"https:\/\/www.ayuntamientoolza.com\/eu\/wp-json\/wp\/v2\/pages\/16062"}],"wp:attachment":[{"href":"https:\/\/www.ayuntamientoolza.com\/eu\/wp-json\/wp\/v2\/media?parent=16234"}],"curies":[{"name":"wp","href":"https:\/\/api.w.org\/{rel}","templated":true}]}}