{"id":16270,"date":"2018-10-10T10:37:07","date_gmt":"2018-10-10T10:37:07","guid":{"rendered":"http:\/\/olza.animsa.net\/kokapena\/"},"modified":"2018-10-10T10:37:07","modified_gmt":"2018-10-10T10:37:07","slug":"kokapena","status":"publish","type":"page","link":"https:\/\/www.ayuntamientoolza.com\/eu\/turismoa\/oltza-zendea\/kokapena\/","title":{"rendered":"Kokapena"},"content":{"rendered":"<p>Gure udalerria Iru\u00f1erriko mendebaldean dago, beraz, Iru\u00f1eko edo Mendialdeko Merindadean. 40,70 km2-ko hedadura du eta 1842 biztanle (2018).<\/p>\n<p>Erlojuaren orratzen norabidean mugituz gero, honako udalerri hauek mugatzen ditu: Ollaran eta Itzako zendea (I), Orkoien, Iru\u00f1a eta Bara\u00f1ain (E); Zizur Nagusia eta Zizurko Zendea (H), Etxauribar (HM) eta Go\u00f1ibar (M).<\/p>\n<p>Gaur egun, bederatzi toki edo kontzeju daude Zendean: Arazuri, Artazkotz, Asiain, Ibero, Izkue, Izu, Lizasoain, Oltza eta Ororbia (hiriburua). Baina, historikoki, beste herri batzuk ere egon ziren: duela gutxi herri propioa egiteko bereizi zena (Orkoien), eta beste batzuk, duela mende batzuk hustuta eta desagertuta: Lecoate, Larranue (Larraino), Elizaberria, Abajita, Ate, Nabarino, eta gehiago ere, gure lurraldeak historian zehar jasan zituen izurriteek eta beste hondamendi batzuek desagerraraziak.<\/p>\n","protected":false},"excerpt":{"rendered":"<p>Gure udalerria Iru\u00f1erriko mendebaldean dago, beraz, Iru\u00f1eko edo Mendialdeko Merindadean. 40,70 km2-ko hedadura du eta 1842 biztanle (2018). Erlojuaren orratzen norabidean mugituz gero, honako udalerri hauek mugatzen ditu: Ollaran eta Itzako zendea (I), Orkoien, Iru\u00f1a eta Bara\u00f1ain (E); Zizur Nagusia eta Zizurko Zendea (H), Etxauribar (HM) eta Go\u00f1ibar (M). Gaur egun, bederatzi toki edo kontzeju [&hellip;]<\/p>\n","protected":false},"author":10584,"featured_media":0,"parent":16268,"menu_order":12,"comment_status":"closed","ping_status":"closed","template":"","meta":{"_exactmetrics_skip_tracking":false,"_exactmetrics_sitenote_active":false,"_exactmetrics_sitenote_note":"","_exactmetrics_sitenote_category":0,"footnotes":""},"class_list":["post-16270","page","type-page","status-publish","hentry"],"yoast_head":"<!-- This site is optimized with the Yoast SEO plugin v25.1 - https:\/\/yoast.com\/wordpress\/plugins\/seo\/ -->\r\n<title>Kokapena - Ayuntamiento Cendea de Olza \/ Oltza Zendeako Udala<\/title>\r\n<meta name=\"robots\" content=\"index, follow, max-snippet:-1, max-image-preview:large, max-video-preview:-1\" \/>\r\n<link rel=\"canonical\" href=\"https:\/\/www.ayuntamientoolza.com\/eu\/turismoa\/oltza-zendea\/kokapena\/\" \/>\r\n<meta property=\"og:locale\" content=\"eu_ES\" \/>\r\n<meta property=\"og:type\" content=\"article\" \/>\r\n<meta property=\"og:title\" content=\"Kokapena - Ayuntamiento Cendea de Olza \/ Oltza Zendeako Udala\" \/>\r\n<meta property=\"og:description\" content=\"Gure udalerria Iru\u00f1erriko mendebaldean dago, beraz, Iru\u00f1eko edo Mendialdeko Merindadean. 40,70 km2-ko hedadura du eta 1842 biztanle (2018). Erlojuaren orratzen norabidean mugituz gero, honako udalerri hauek mugatzen ditu: Ollaran eta Itzako zendea (I), Orkoien, Iru\u00f1a eta Bara\u00f1ain (E); Zizur Nagusia eta Zizurko Zendea (H), Etxauribar (HM) eta Go\u00f1ibar (M). Gaur egun, bederatzi toki edo kontzeju [&hellip;]\" \/>\r\n<meta property=\"og:url\" content=\"https:\/\/www.ayuntamientoolza.com\/eu\/turismoa\/oltza-zendea\/kokapena\/\" \/>\r\n<meta property=\"og:site_name\" content=\"Ayuntamiento Cendea de Olza \/ Oltza Zendeako Udala\" \/>\r\n<meta name=\"twitter:card\" content=\"summary_large_image\" \/>\r\n<meta name=\"twitter:label1\" content=\"Est. reading time\" \/>\n\t<meta name=\"twitter:data1\" content=\"1 minute\" \/>\r\n<script type=\"application\/ld+json\" class=\"yoast-schema-graph\">{\"@context\":\"https:\/\/schema.org\",\"@graph\":[{\"@type\":\"WebPage\",\"@id\":\"https:\/\/www.ayuntamientoolza.com\/eu\/turismoa\/oltza-zendea\/kokapena\/\",\"url\":\"https:\/\/www.ayuntamientoolza.com\/eu\/turismoa\/oltza-zendea\/kokapena\/\",\"name\":\"Kokapena - Ayuntamiento Cendea de Olza \/ Oltza Zendeako Udala\",\"isPartOf\":{\"@id\":\"https:\/\/www.ayuntamientoolza.com\/eu\/#website\"},\"datePublished\":\"2018-10-10T10:37:07+00:00\",\"breadcrumb\":{\"@id\":\"https:\/\/www.ayuntamientoolza.com\/eu\/turismoa\/oltza-zendea\/kokapena\/#breadcrumb\"},\"inLanguage\":\"eu-ES\",\"potentialAction\":[{\"@type\":\"ReadAction\",\"target\":[\"https:\/\/www.ayuntamientoolza.com\/eu\/turismoa\/oltza-zendea\/kokapena\/\"]}]},{\"@type\":\"BreadcrumbList\",\"@id\":\"https:\/\/www.ayuntamientoolza.com\/eu\/turismoa\/oltza-zendea\/kokapena\/#breadcrumb\",\"itemListElement\":[{\"@type\":\"ListItem\",\"position\":1,\"name\":\"Portada\",\"item\":\"https:\/\/www.ayuntamientoolza.com\/eu\/\"},{\"@type\":\"ListItem\",\"position\":2,\"name\":\"Turismoa\",\"item\":\"https:\/\/www.ayuntamientoolza.com\/eu\/turismoa\/\"},{\"@type\":\"ListItem\",\"position\":3,\"name\":\"Oltza Zendea\",\"item\":\"https:\/\/www.ayuntamientoolza.com\/eu\/turismoa\/oltza-zendea\/\"},{\"@type\":\"ListItem\",\"position\":4,\"name\":\"Kokapena\"}]},{\"@type\":\"WebSite\",\"@id\":\"https:\/\/www.ayuntamientoolza.com\/eu\/#website\",\"url\":\"https:\/\/www.ayuntamientoolza.com\/eu\/\",\"name\":\"Ayuntamiento Cendea de Olza \/ Oltza Zendeako Udala\",\"description\":\"Sitio web del Ayuntamiento de Ayuntamiento Cendea de Olza \/ Oltza Zendeako Udala\",\"potentialAction\":[{\"@type\":\"SearchAction\",\"target\":{\"@type\":\"EntryPoint\",\"urlTemplate\":\"https:\/\/www.ayuntamientoolza.com\/eu\/?s={search_term_string}\"},\"query-input\":{\"@type\":\"PropertyValueSpecification\",\"valueRequired\":true,\"valueName\":\"search_term_string\"}}],\"inLanguage\":\"eu-ES\"}]}<\/script>\r\n<!-- \/ Yoast SEO plugin. -->","yoast_head_json":{"title":"Kokapena - Ayuntamiento Cendea de Olza \/ Oltza Zendeako Udala","robots":{"index":"index","follow":"follow","max-snippet":"max-snippet:-1","max-image-preview":"max-image-preview:large","max-video-preview":"max-video-preview:-1"},"canonical":"https:\/\/www.ayuntamientoolza.com\/eu\/turismoa\/oltza-zendea\/kokapena\/","og_locale":"eu_ES","og_type":"article","og_title":"Kokapena - Ayuntamiento Cendea de Olza \/ Oltza Zendeako Udala","og_description":"Gure udalerria Iru\u00f1erriko mendebaldean dago, beraz, Iru\u00f1eko edo Mendialdeko Merindadean. 40,70 km2-ko hedadura du eta 1842 biztanle (2018). Erlojuaren orratzen norabidean mugituz gero, honako udalerri hauek mugatzen ditu: Ollaran eta Itzako zendea (I), Orkoien, Iru\u00f1a eta Bara\u00f1ain (E); Zizur Nagusia eta Zizurko Zendea (H), Etxauribar (HM) eta Go\u00f1ibar (M). Gaur egun, bederatzi toki edo kontzeju [&hellip;]","og_url":"https:\/\/www.ayuntamientoolza.com\/eu\/turismoa\/oltza-zendea\/kokapena\/","og_site_name":"Ayuntamiento Cendea de Olza \/ Oltza Zendeako Udala","twitter_card":"summary_large_image","twitter_misc":{"Est. reading time":"1 minute"},"schema":{"@context":"https:\/\/schema.org","@graph":[{"@type":"WebPage","@id":"https:\/\/www.ayuntamientoolza.com\/eu\/turismoa\/oltza-zendea\/kokapena\/","url":"https:\/\/www.ayuntamientoolza.com\/eu\/turismoa\/oltza-zendea\/kokapena\/","name":"Kokapena - Ayuntamiento Cendea de Olza \/ Oltza Zendeako Udala","isPartOf":{"@id":"https:\/\/www.ayuntamientoolza.com\/eu\/#website"},"datePublished":"2018-10-10T10:37:07+00:00","breadcrumb":{"@id":"https:\/\/www.ayuntamientoolza.com\/eu\/turismoa\/oltza-zendea\/kokapena\/#breadcrumb"},"inLanguage":"eu-ES","potentialAction":[{"@type":"ReadAction","target":["https:\/\/www.ayuntamientoolza.com\/eu\/turismoa\/oltza-zendea\/kokapena\/"]}]},{"@type":"BreadcrumbList","@id":"https:\/\/www.ayuntamientoolza.com\/eu\/turismoa\/oltza-zendea\/kokapena\/#breadcrumb","itemListElement":[{"@type":"ListItem","position":1,"name":"Portada","item":"https:\/\/www.ayuntamientoolza.com\/eu\/"},{"@type":"ListItem","position":2,"name":"Turismoa","item":"https:\/\/www.ayuntamientoolza.com\/eu\/turismoa\/"},{"@type":"ListItem","position":3,"name":"Oltza Zendea","item":"https:\/\/www.ayuntamientoolza.com\/eu\/turismoa\/oltza-zendea\/"},{"@type":"ListItem","position":4,"name":"Kokapena"}]},{"@type":"WebSite","@id":"https:\/\/www.ayuntamientoolza.com\/eu\/#website","url":"https:\/\/www.ayuntamientoolza.com\/eu\/","name":"Ayuntamiento Cendea de Olza \/ Oltza Zendeako Udala","description":"Sitio web del Ayuntamiento de Ayuntamiento Cendea de Olza \/ Oltza Zendeako Udala","potentialAction":[{"@type":"SearchAction","target":{"@type":"EntryPoint","urlTemplate":"https:\/\/www.ayuntamientoolza.com\/eu\/?s={search_term_string}"},"query-input":{"@type":"PropertyValueSpecification","valueRequired":true,"valueName":"search_term_string"}}],"inLanguage":"eu-ES"}]}},"_links":{"self":[{"href":"https:\/\/www.ayuntamientoolza.com\/eu\/wp-json\/wp\/v2\/pages\/16270","targetHints":{"allow":["GET"]}}],"collection":[{"href":"https:\/\/www.ayuntamientoolza.com\/eu\/wp-json\/wp\/v2\/pages"}],"about":[{"href":"https:\/\/www.ayuntamientoolza.com\/eu\/wp-json\/wp\/v2\/types\/page"}],"author":[{"embeddable":true,"href":"https:\/\/www.ayuntamientoolza.com\/eu\/wp-json\/wp\/v2\/users\/10584"}],"replies":[{"embeddable":true,"href":"https:\/\/www.ayuntamientoolza.com\/eu\/wp-json\/wp\/v2\/comments?post=16270"}],"version-history":[{"count":0,"href":"https:\/\/www.ayuntamientoolza.com\/eu\/wp-json\/wp\/v2\/pages\/16270\/revisions"}],"up":[{"embeddable":true,"href":"https:\/\/www.ayuntamientoolza.com\/eu\/wp-json\/wp\/v2\/pages\/16268"}],"wp:attachment":[{"href":"https:\/\/www.ayuntamientoolza.com\/eu\/wp-json\/wp\/v2\/media?parent=16270"}],"curies":[{"name":"wp","href":"https:\/\/api.w.org\/{rel}","templated":true}]}}